{"id":5412,"date":"2023-03-30T20:46:26","date_gmt":"2023-03-30T20:46:26","guid":{"rendered":"https:\/\/venturafoodsca.dsstaging3.com\/?page_id=5412"},"modified":"2023-07-19T21:08:29","modified_gmt":"2023-07-19T21:08:29","slug":"accessibility-policy","status":"publish","type":"page","link":"https:\/\/www.venturafoods.ca\/fr\/accessibility-policy\/","title":{"rendered":"Accessibility Policy"},"content":{"rendered":"<h1>D\u00e9claration d&rsquo;Accessibilit\u00e9<\/h1>\n<h2>(A) Accessibilit\u00e9 du site Web<\/h2>\n<h3>(i) Sites Web publics de Ventura Foods<\/h3>\n<p>Ventura Foods (venturafoods.com) s&rsquo;engage \u00e0 fournir un site Web accessible \u00e0 un large public. Nous nous effor\u00e7ons d&rsquo;accro\u00eetre l&rsquo;accessibilit\u00e9 et la convivialit\u00e9 de notre site Web en respectant certaines normes et directives.<\/p>\n<p>Pour se conformer, Ventura Foods s&rsquo;efforcera de r\u00e9pondre \u00e0 certaines exigences des directives d&rsquo;accessibilit\u00e9 du concours Web 2.1 (les crit\u00e8res de r\u00e9ussite \u00ab WCAG 2.1 \u00bb AA). <em>Veuillez noter que ces efforts sont en cours.<\/em><\/p>\n<h3>(ii) Processus de r\u00e9troaction<\/h3>\n<p>Ventura Foods recherche, re\u00e7oit et r\u00e9pond aux commentaires de ses consommateurs, employ\u00e9s, clients et partenaires. Ventura Foods s&rsquo;engage \u00e9galement \u00e0 recevoir des commentaires concernant l&rsquo;accessibilit\u00e9 de ses sites Web.<\/p>\n<p>Si vous n&rsquo;\u00eates pas en mesure de fournir des commentaires concernant l&rsquo;accessibilit\u00e9, Ventura Foods travaillera avec vous pour recevoir et r\u00e9pondre \u00e0 vos commentaires dans un format accessible.<\/p>\n<p>Si vous souhaitez soumettre une demande d&rsquo;accessibilit\u00e9 ou si vous avez des questions\/commentaires concernant l&rsquo;accessibilit\u00e9 chez Ventura Foods, veuillez remplir le formulaire <a href=\"\/fr\/contact\/\" target=\"_blank\" rel=\"noopener\">ICI\u00a0<\/a>ou envoyez-nous un e-mail \u00e0 <a href=\"mailto:VFaccessibility@rescocompany.com\" target=\"_blank\" rel=\"noopener noreferrer\" data-auth=\"NotApplicable\" data-linkindex=\"0\">VFaccessibility@rescocompany.com<\/a><\/p>\n<p>Vous pouvez \u00e9galement trouver nos coordonn\u00e9es sp\u00e9cifiques \u00e0 l&rsquo;accessibilit\u00e9 dans ce plan.<\/p>\n<h3>(iii) Normes d&rsquo;accessibilit\u00e9 Web<\/h3>\n<p>Ventura Foods s&rsquo;efforcera d&rsquo;obtenir une cote d&rsquo;accessibilit\u00e9 Web WCAG 2.1 AA.<\/p>\n<p>Afin d&rsquo;atteindre la cote d&rsquo;accessibilit\u00e9 Web WCAG 2.1 AA, nous \u00e9valuons r\u00e9guli\u00e8rement des moyens et des mesures pour am\u00e9liorer continuellement notre accessibilit\u00e9 Web pour tous et atteindre au minimum une norme de conformit\u00e9 AA. Notre prochaine s\u00e9rie d&rsquo;am\u00e9liorations, qui devrait r\u00e9pondre \u00e0 l&rsquo;accessibilit\u00e9 Web WCAG 2.1 AA, devrait \u00eatre termin\u00e9e d&rsquo;ici ao\u00fbt 2023.<\/p>\n<p>Si vous ou toute personne avez des difficult\u00e9s avec notre site Web, nous vous encourageons \u00e0 nous contacter directement pour nous faire part de vos commentaires dans un format accessible. Nous chercherons alors \u00e0 r\u00e9soudre toute question ou pr\u00e9occupation le plus rapidement possible.<\/p>\n<h3>Accessibilit\u00e9 sur venturafoods.com<\/h3>\n<p>venturafoods.com prend les mesures suivantes pour assurer l&rsquo;accessibilit\u00e9 de notre site Web:<\/p>\n<ul>\n<li>Effectuer des audits d&rsquo;accessibilit\u00e9 r\u00e9guliers de notre site Web pour identifier et r\u00e9soudre les obstacles \u00e0 l&rsquo;accessibilit\u00e9;<\/li>\n<li>Utiliser des pratiques de conception Web accessibles, y compris l&rsquo;utilisation de texte alternatif pour les images, une structure d&rsquo;en-t\u00eate appropri\u00e9e et un contraste de couleurs;<\/li>\n<li>Veiller \u00e0 ce que tout le contenu du site Web soit accessible via un clavier uniquement;<\/li>\n<li>Fourniture de sous-titres pour des vid\u00e9os et de descriptions audio pour du contenu multim\u00e9dia;<\/li>\n<li>S&rsquo;assurer que notre site Web est accessible \u00e0 l&rsquo;aide de technologies d&rsquo;assistance telles que des lecteurs d&rsquo;\u00e9cran et des loupes; et<\/li>\n<li>Fournir un m\u00e9canisme permettant aux utilisateurs de signaler les obstacles \u00e0 l&rsquo;accessibilit\u00e9 et de demander des am\u00e9nagements.<\/li>\n<\/ul>\n<h2>(B) \u00c9tat de conformit\u00e9<\/h2>\n<p>Les Web Content Accessibility Guidelines (WCAG) d\u00e9finissent les exigences pour les concepteurs et les d\u00e9veloppeurs afin d&rsquo;am\u00e9liorer l&rsquo;accessibilit\u00e9 pour les personnes handicap\u00e9es. Il d\u00e9finit trois niveaux de conformit\u00e9 : Niveau A, Niveau AA et Niveau AAA.<\/p>\n<p>Venturafoods.com est partiellement conforme aux WCAG 2.1 niveau AA. Partiellement conforme signifie que certaines parties du contenu ne sont pas enti\u00e8rement conformes \u00e0 la norme d&rsquo;accessibilit\u00e9. Cependant, Ventura Foods s&rsquo;efforce en permanence d&rsquo;atteindre la conformit\u00e9 d&rsquo;accessibilit\u00e9 du site Web WCAG 2.1 AA, comme indiqu\u00e9 dans cette d\u00e9claration.<\/p>\n<h2>(C) R\u00e9troaction<\/h2>\n<p>Nous appr\u00e9cions vos commentaires sur l&rsquo;accessibilit\u00e9 de venturafoods.com. Veuillez nous faire savoir si vous rencontrez des obstacles \u00e0 l&rsquo;accessibilit\u00e9 sur notre site Web, y compris toute suggestion d&rsquo;am\u00e9lioration.<\/p>\n<ul>\n<li><strong>Adresse:<\/strong><br \/>\nAliments Ventura<br \/>\n40, promenade Pointe<br \/>\nBr\u00e9a, Californie 92821<\/li>\n<li><strong>Contact:<\/strong><br \/>\n<a href=\"mailto:VFaccessibility@rescocompany.com\" target=\"_blank\" rel=\"noopener noreferrer\" data-auth=\"NotApplicable\" data-linkindex=\"0\">VFaccessibility@rescocompany.com<\/a><br \/>\nT\u00e9l\u00e9phone : 888-500-0086<br \/>\nHeures\u00a0: 9 h \u00e0 17 h HP<\/li>\n<\/ul>\n<p>Vous pouvez \u00e9galement contacter Ventura Foods pour toute plainte, question ou commentaire concernant l&rsquo;accessibilit\u00e9 <a href=\"https:\/\/resco.wufoo.com\/forms\/symhwpr04llsii\/\">ICI<\/a><\/p>\n<p>Nous ferons de notre mieux pour r\u00e9soudre tout probl\u00e8me de mani\u00e8re rapide et efficace.<\/p>\n<h2>(D) Fonctionnalit\u00e9s d&rsquo;accessibilit\u00e9 des services tiers<\/h2>\n<p>Les services tiers de Ventura Foods sur place comprennent:<\/p>\n<ul>\n<li>Whipstir (Base de donn\u00e9es de recettes)<\/li>\n<li>Amplifier (PIM)<\/li>\n<li>Resco (Formulaires de contact)<\/li>\n<li>Filament (Chat Bot)<\/li>\n<\/ul>\n<p>Bien que nous nous efforcions de rendre ces services accessibles, certains d&rsquo;entre eux peuvent pr\u00e9senter des obstacles \u00e0 l&rsquo;accessibilit\u00e9 ind\u00e9pendants de notre volont\u00e9. Nous vous encourageons \u00e0 contacter directement les fournisseurs de ces services si vous rencontrez des probl\u00e8mes d&rsquo;accessibilit\u00e9 lors de leur utilisation.<\/p>\n<h2>(E) Compatibilit\u00e9 avec les navigateurs et les technologies d&rsquo;assistance<\/h2>\n<p>Venturafoods.com est con\u00e7u pour \u00eatre compatible avec les technologies d&rsquo;assistance suivantes:<\/p>\n<ul>\n<li>Lecteurs d&rsquo;\u00e9cran, tels que NVDA et JAWS<\/li>\n<li>Navigation au clavier<\/li>\n<li>Logiciel de reconnaissance vocale, tel que Dragon NaturallySpeaking<\/li>\n<li>Loupes d&rsquo;\u00e9cran, telles que ZoomText<\/li>\n<\/ul>\n<p>Venturafoods.com est con\u00e7u pour \u00eatre compatible avec les navigateurs suivants:<\/p>\n<ul>\n<li>Chrome<\/li>\n<li>Firefox<\/li>\n<li>Safari<\/li>\n<li>Bord<\/li>\n<\/ul>\n<p>Nous ne pouvons pas garantir la compatibilit\u00e9 avec tous les navigateurs et technologies d&rsquo;assistance, mais nous nous effor\u00e7ons de rendre notre site Web aussi accessible que possible \u00e0 tous les utilisateurs.<\/p>\n<h2>(F) Approche d&rsquo;\u00e9valuation<\/h2>\n<p>Venturafoods.com a \u00e9valu\u00e9 l&rsquo;accessibilit\u00e9 de notre site Web selon les normes d&rsquo;accessibilit\u00e9 du site Web WCAG 2.1 AA en mai 2023. Les efforts pour atteindre la conformit\u00e9 sont pris au s\u00e9rieux et se poursuivent.<\/p>\n","protected":false},"excerpt":{"rendered":"<p>D\u00e9claration d&rsquo;Accessibilit\u00e9 (A) Accessibilit\u00e9 du site Web (i) Sites Web publics de Ventura Foods Ventura Foods (venturafoods.com) s&rsquo;engage \u00e0 fournir un site Web accessible \u00e0 un large public. Nous nous effor\u00e7ons d&rsquo;accro\u00eetre l&rsquo;accessibilit\u00e9 et la convivialit\u00e9 de notre site Web en respectant certaines normes et directives. Pour se conformer, Ventura Foods s&rsquo;efforcera de r\u00e9pondre \u00e0&#8230;<\/p>\n","protected":false},"author":3,"featured_media":0,"parent":0,"menu_order":0,"comment_status":"closed","ping_status":"closed","template":"","meta":{"_acf_changed":false,"inline_featured_image":false,"ep_exclude_from_search":false,"footnotes":""},"class_list":["post-5412","page","type-page","status-publish","hentry"],"acf":[],"yoast_head":"<!-- This site is optimized with the Yoast SEO plugin v27.4 - https:\/\/yoast.com\/product\/yoast-seo-wordpress\/ -->\n<title>Accessibility Policy - Ventura Foods Canada<\/title>\n<meta name=\"robots\" content=\"index, follow, max-snippet:-1, max-image-preview:large, max-video-preview:-1\" \/>\n<link rel=\"canonical\" href=\"https:\/\/www.venturafoods.ca\/fr\/accessibility-policy\/\" \/>\n<meta property=\"og:locale\" content=\"fr_CA\" \/>\n<meta property=\"og:type\" content=\"article\" \/>\n<meta property=\"og:title\" content=\"Accessibility Policy - Ventura Foods Canada\" \/>\n<meta property=\"og:description\" content=\"D\u00e9claration d&rsquo;Accessibilit\u00e9 (A) Accessibilit\u00e9 du site Web (i) Sites Web publics de Ventura Foods Ventura Foods (venturafoods.com) s&rsquo;engage \u00e0 fournir un site Web accessible \u00e0 un large public. Nous nous effor\u00e7ons d&rsquo;accro\u00eetre l&rsquo;accessibilit\u00e9 et la convivialit\u00e9 de notre site Web en respectant certaines normes et directives. Pour se conformer, Ventura Foods s&rsquo;efforcera de r\u00e9pondre \u00e0...\" \/>\n<meta property=\"og:url\" content=\"https:\/\/www.venturafoods.ca\/fr\/accessibility-policy\/\" \/>\n<meta property=\"og:site_name\" content=\"Ventura Foods Canada\" \/>\n<meta property=\"article:modified_time\" content=\"2023-07-19T21:08:29+00:00\" \/>\n<meta name=\"twitter:card\" content=\"summary_large_image\" \/>\n<meta name=\"twitter:label1\" content=\"Estimation du temps de lecture\" \/>\n\t<meta name=\"twitter:data1\" content=\"4 minutes\" \/>\n<script type=\"application\/ld+json\" class=\"yoast-schema-graph\">{\"@context\":\"https:\\\/\\\/schema.org\",\"@graph\":[{\"@type\":\"WebPage\",\"@id\":\"https:\\\/\\\/www.venturafoods.ca\\\/fr\\\/accessibility-policy\\\/\",\"url\":\"https:\\\/\\\/www.venturafoods.ca\\\/fr\\\/accessibility-policy\\\/\",\"name\":\"Accessibility Policy - Ventura Foods Canada\",\"isPartOf\":{\"@id\":\"https:\\\/\\\/www.venturafoods.ca\\\/fr\\\/#website\"},\"datePublished\":\"2023-03-30T20:46:26+00:00\",\"dateModified\":\"2023-07-19T21:08:29+00:00\",\"breadcrumb\":{\"@id\":\"https:\\\/\\\/www.venturafoods.ca\\\/fr\\\/accessibility-policy\\\/#breadcrumb\"},\"inLanguage\":\"fr-CA\",\"potentialAction\":[{\"@type\":\"ReadAction\",\"target\":[\"https:\\\/\\\/www.venturafoods.ca\\\/fr\\\/accessibility-policy\\\/\"]}]},{\"@type\":\"BreadcrumbList\",\"@id\":\"https:\\\/\\\/www.venturafoods.ca\\\/fr\\\/accessibility-policy\\\/#breadcrumb\",\"itemListElement\":[{\"@type\":\"ListItem\",\"position\":1,\"name\":\"Accueil\",\"item\":\"https:\\\/\\\/www.venturafoods.ca\\\/fr\\\/\"},{\"@type\":\"ListItem\",\"position\":2,\"name\":\"Accessibility Policy\"}]},{\"@type\":\"WebSite\",\"@id\":\"https:\\\/\\\/www.venturafoods.ca\\\/fr\\\/#website\",\"url\":\"https:\\\/\\\/www.venturafoods.ca\\\/fr\\\/\",\"name\":\"Ventura Foods Canada\",\"description\":\"Just another Ventura Foods Sites site\",\"potentialAction\":[{\"@type\":\"SearchAction\",\"target\":{\"@type\":\"EntryPoint\",\"urlTemplate\":\"https:\\\/\\\/www.venturafoods.ca\\\/fr\\\/?s={search_term_string}\"},\"query-input\":{\"@type\":\"PropertyValueSpecification\",\"valueRequired\":true,\"valueName\":\"search_term_string\"}}],\"inLanguage\":\"fr-CA\"}]}<\/script>\n<!-- \/ Yoast SEO plugin. -->","yoast_head_json":{"title":"Accessibility Policy - Ventura Foods Canada","robots":{"index":"index","follow":"follow","max-snippet":"max-snippet:-1","max-image-preview":"max-image-preview:large","max-video-preview":"max-video-preview:-1"},"canonical":"https:\/\/www.venturafoods.ca\/fr\/accessibility-policy\/","og_locale":"fr_CA","og_type":"article","og_title":"Accessibility Policy - Ventura Foods Canada","og_description":"D\u00e9claration d&rsquo;Accessibilit\u00e9 (A) Accessibilit\u00e9 du site Web (i) Sites Web publics de Ventura Foods Ventura Foods (venturafoods.com) s&rsquo;engage \u00e0 fournir un site Web accessible \u00e0 un large public. Nous nous effor\u00e7ons d&rsquo;accro\u00eetre l&rsquo;accessibilit\u00e9 et la convivialit\u00e9 de notre site Web en respectant certaines normes et directives. Pour se conformer, Ventura Foods s&rsquo;efforcera de r\u00e9pondre \u00e0...","og_url":"https:\/\/www.venturafoods.ca\/fr\/accessibility-policy\/","og_site_name":"Ventura Foods Canada","article_modified_time":"2023-07-19T21:08:29+00:00","twitter_card":"summary_large_image","twitter_misc":{"Estimation du temps de lecture":"4 minutes"},"schema":{"@context":"https:\/\/schema.org","@graph":[{"@type":"WebPage","@id":"https:\/\/www.venturafoods.ca\/fr\/accessibility-policy\/","url":"https:\/\/www.venturafoods.ca\/fr\/accessibility-policy\/","name":"Accessibility Policy - Ventura Foods Canada","isPartOf":{"@id":"https:\/\/www.venturafoods.ca\/fr\/#website"},"datePublished":"2023-03-30T20:46:26+00:00","dateModified":"2023-07-19T21:08:29+00:00","breadcrumb":{"@id":"https:\/\/www.venturafoods.ca\/fr\/accessibility-policy\/#breadcrumb"},"inLanguage":"fr-CA","potentialAction":[{"@type":"ReadAction","target":["https:\/\/www.venturafoods.ca\/fr\/accessibility-policy\/"]}]},{"@type":"BreadcrumbList","@id":"https:\/\/www.venturafoods.ca\/fr\/accessibility-policy\/#breadcrumb","itemListElement":[{"@type":"ListItem","position":1,"name":"Accueil","item":"https:\/\/www.venturafoods.ca\/fr\/"},{"@type":"ListItem","position":2,"name":"Accessibility Policy"}]},{"@type":"WebSite","@id":"https:\/\/www.venturafoods.ca\/fr\/#website","url":"https:\/\/www.venturafoods.ca\/fr\/","name":"Ventura Foods Canada","description":"Just another Ventura Foods Sites site","potentialAction":[{"@type":"SearchAction","target":{"@type":"EntryPoint","urlTemplate":"https:\/\/www.venturafoods.ca\/fr\/?s={search_term_string}"},"query-input":{"@type":"PropertyValueSpecification","valueRequired":true,"valueName":"search_term_string"}}],"inLanguage":"fr-CA"}]}},"_links":{"self":[{"href":"https:\/\/www.venturafoods.ca\/fr\/wp-json\/wp\/v2\/pages\/5412","targetHints":{"allow":["GET"]}}],"collection":[{"href":"https:\/\/www.venturafoods.ca\/fr\/wp-json\/wp\/v2\/pages"}],"about":[{"href":"https:\/\/www.venturafoods.ca\/fr\/wp-json\/wp\/v2\/types\/page"}],"author":[{"embeddable":true,"href":"https:\/\/www.venturafoods.ca\/fr\/wp-json\/wp\/v2\/users\/3"}],"replies":[{"embeddable":true,"href":"https:\/\/www.venturafoods.ca\/fr\/wp-json\/wp\/v2\/comments?post=5412"}],"version-history":[{"count":6,"href":"https:\/\/www.venturafoods.ca\/fr\/wp-json\/wp\/v2\/pages\/5412\/revisions"}],"predecessor-version":[{"id":11014,"href":"https:\/\/www.venturafoods.ca\/fr\/wp-json\/wp\/v2\/pages\/5412\/revisions\/11014"}],"wp:attachment":[{"href":"https:\/\/www.venturafoods.ca\/fr\/wp-json\/wp\/v2\/media?parent=5412"}],"curies":[{"name":"wp","href":"https:\/\/api.w.org\/{rel}","templated":true}]}}